{"id":231,"date":"2015-06-17T18:57:11","date_gmt":"2015-06-17T17:57:11","guid":{"rendered":"https:\/\/www.groupes.virees-du-sancy.com\/?page_id=231"},"modified":"2024-12-09T16:40:41","modified_gmt":"2024-12-09T15:40:41","slug":"presse-et-livre-dor","status":"publish","type":"page","link":"https:\/\/groupes.virees-du-sancy.com\/fr\/presse-et-livre-dor\/","title":{"rendered":"Presse et livre d&rsquo;or"},"content":{"rendered":"<h3><span style=\"color: #ff6600\">la presse en parle<\/span><\/h3>\n<ul>\n<li><em>Poussez la porte et laissez vous emporter&#8230; Et si vous ne sortez pas de l\u00e0 \u00e9mu aux larmes, c&rsquo;est que vous \u00eates un coeur sec ! <\/em><strong>VSD<\/strong><\/li>\n<li><em>Un passage dans la r\u00e9gion est inconcevable sans une visite de la Toinette. <\/em><strong>Balades en France<\/strong><\/li>\n<li><em>Singuli\u00e8re rencontre ! Mise en sc\u00e8ne efficace, bien second\u00e9e par des effets technologiques utilis\u00e9s \u00e0 bon escient&#8230; <\/em><strong>Guide Vert Michelin<\/strong><\/li>\n<li><em>L&rsquo;\u00e9motion des grands et des petits transpara\u00eet \u00e0 la lecture du Livre d&rsquo;Or&#8230; Personnellement, je me d\u00e9clare inconditionnelle de ce lieu inclassable. <\/em><strong>Pleine Vie<\/strong><\/li>\n<li><em>Souvent les gens viennent en voyage organis\u00e9, puis ils reviennent avec leurs familles pour leur faire partager la magie inh\u00e9rente \u00e0 l&rsquo;endroit. <\/em><strong>La Montagne<\/strong><\/li>\n<\/ul>\n<h3><span style=\"color: #99cc00\"><span style=\"color: #ff6600\">Extrait du livre d&rsquo;or de la Maison de la Toinette<\/span><br \/>\n<\/span><\/h3>\n<p><span style=\"color: #000000\"><em>Bonjour,<\/em><\/span><\/p>\n<p><span style=\"color: #000000\"><em>En tant qu\u2019accompagnateurs et au nom de l\u2019AMI asbl, nous tenons \u00e0 vous remercier pour votre accueil, vos mus\u00e9es ont \u00e9t\u00e9 tr\u00e8s appr\u00e9ci\u00e9 par les participants.\u00a0 Nous ferons votre publicit\u00e9<\/em><\/span><\/p>\n<p><span style=\"color: #000000\"><em>Encore merci<\/em><\/span><\/p>\n<p><span style=\"color: #000000\">Alain et Sylvianne Ghislain<\/span><\/p>\n<p><span style=\"color: #000000\">Accompagnateurs pour AMI asbl (camping caristes belges)<\/span><\/p>\n<h3><span style=\"color: #ff6600\"><strong>Retour de nos groupes sur les Vir\u00e9es du Sancy\u00a0<\/strong><\/span><\/h3>\n<ul>\n<li><em>Nous avons pass\u00e9 une excellente journ\u00e9e. Je pense que le programme a plu \u00e0 nos adh\u00e9rents.<\/em><br \/>\n<em> Ils ne s&rsquo;attendaient pas du tout \u00e0 cela. Quant \u00e0 la vir\u00e9e des Potins avec Jos\u00e9phine alors l\u00e0 c&rsquo;\u00e9tait une autre surprise, nous avons bien ri. C&rsquo;est un programme que je recommande et je vais en parler autour de moi.<\/em> Mme Ferrasson<\/li>\n<li><em>Nous avons pass\u00e9 une tr\u00e8s bonne journ\u00e9e, bravo \u00e0 l&rsquo;actrice qui nous a fait d\u00e9couvrir l&rsquo;Auvergne avec beaucoup d&rsquo;humour!<\/em> l&rsquo;escola dau mont gargan<\/li>\n<li><em>Notre groupe a \u00e9t\u00e9 tr\u00e8s satisfait de votre prestation au Mont Dore ; vous avez bluff\u00e9 tout le monde avec votre accent ; certains pensant m\u00eame :\u00a0\u00bb Pourquoi aller chercher une anglaise comme guide , il y en a bien en Auvergne?\u00a0\u00bb.<\/em><br \/>\n<em> Bravo encore \u00e0 Charlotte de la Tronchette ; peut-\u00eatre trouvera-t-elle d&rsquo;autres potins \u00e0 raconter&#8230;&#8230;<\/em><br \/>\nCentre Culturel de Chasseneuil du Poitou<\/li>\n<li><em>Le groupe a \u00e9t\u00e9 ravi !!! merci pour votre prestation !!!<\/em> SARL OUVRIER<\/li>\n<li><em>Le moment \u00e9tait fort agr\u00e9able, \u00ab\u00a0Etiennette\u00a0\u00bb \u00e9tait impeccable, et m\u00eame mes stagiaires pas trop francophones ont bien suivi. merci beaucoup.<\/em><\/li>\n<li><em>Je tiens \u00e0 vous dire que j\u2019ai beaucoup appr\u00e9ci\u00e9 la prestation de la Marissou le 17 ao\u00fbt dernier \u00e0 Menet et les personnes pr\u00e9sentes \u00e9galement. <\/em><em>La com\u00e9dienne a \u00e9t\u00e9 d\u2019un grand professionnalisme et a vraiment bien pr\u00e9par\u00e9 et fouill\u00e9 ce sujet pourtant pas simple. <\/em>PNR des Volcans d&rsquo;Auvergne<\/li>\n<li><em>Nous avons eu beaucoup d\u2019\u00e9loges sur la prestation d\u2019hier ! Les personnes \u00e9taient ravies malgr\u00e9 la fin pluvieuse.<\/em><br \/>\nBureau de Tourisme du Mont-Dore<\/li>\n<\/ul>\n<div id=\"carousel-909\" class=\"carousel slide\" data-ride=\"carousel\">\r\n\t<ol class=\"carousel-indicators\"><\/ol><div class=\"carousel-inner\" role=\"listbox\">  <div class=\"item active post-1389\">\r\n\t\t                        <a href=\"https:\/\/groupes.virees-du-sancy.com\/wp-content\/uploads\/sites\/3\/2024\/12\/Article-Viree-Burlesque-La-Bourboule.jpg\">\r\n\t\t                            <img decoding=\"async\" alt=\"\" src=\"https:\/\/groupes.virees-du-sancy.com\/wp-content\/uploads\/sites\/3\/2024\/12\/clc_picture_1389_1400_.jpg\">\r\n\t\t                            <div class=\"carousel-caption\">Article-Vir\u00e9e-Burlesque-La-Bourboule<\/div>\r\n\t\t                        <\/a>\r\n\t\t                    <\/div>\r\n\t  <a class=\"left carousel-control\" href=\"#carousel-909\" role=\"button\" data-slide=\"prev\">\r\n\t    <span class=\"glyphicon glyphicon-chevron-left\" aria-hidden=\"true\"><\/span>\r\n\t\t    \t\t<span class=\"sr-only\">Pr\u00e9c\u00e9dent<\/span>\r\n\t  <\/a>\r\n\t  <a class=\"right carousel-control\" href=\"#carousel-909\" role=\"button\" data-slide=\"next\">\r\n\t    <span class=\"glyphicon glyphicon-chevron-right\" aria-hidden=\"true\"><\/span>\r\n\t\t    <span class=\"sr-only\">Suivant<\/span>\r\n\t\t  <\/a>\r\n\t\t<\/div>\n","protected":false},"excerpt":{"rendered":"<p>la presse en parle Poussez la porte et laissez vous emporter&#8230; Et si vous ne sortez pas de l\u00e0 \u00e9mu aux larmes, c&rsquo;est que vous \u00eates un coeur sec ! VSD Un passage dans la r\u00e9gion est inconcevable sans une visite de la Toinette. Balades en France Singuli\u00e8re rencontre ! Mise en sc\u00e8ne efficace, bien [&hellip;]<\/p>\n","protected":false},"author":2,"featured_media":0,"parent":0,"menu_order":0,"comment_status":"open","ping_status":"open","template":"","meta":{"_acf_changed":false,"footnotes":""},"class_list":["post-231","page","type-page","status-publish","hentry"],"acf":[],"yoast_head":"<!-- This site is optimized with the Yoast SEO plugin v27.5 - https:\/\/yoast.com\/product\/yoast-seo-wordpress\/ -->\n<title>Presse et livre d&#039;or - Vir\u00e9es du Sancy - Mus\u00e9e Toinette &amp; Julien - Visites en Groupe<\/title>\n<meta name=\"description\" content=\"On parle de nous ! Articles de presse, extraits du livre d&#039;or et commentaires de nos visiteurs groupes...\" \/>\n<meta name=\"robots\" content=\"index, follow, max-snippet:-1, max-image-preview:large, max-video-preview:-1\" \/>\n<link rel=\"canonical\" href=\"https:\/\/groupes.virees-du-sancy.com\/fr\/presse-et-livre-dor\/\" \/>\n<meta property=\"og:locale\" content=\"fr_FR\" \/>\n<meta property=\"og:type\" content=\"article\" \/>\n<meta property=\"og:title\" content=\"Presse et livre d&#039;or - Vir\u00e9es du Sancy - Mus\u00e9e Toinette &amp; Julien - Visites en Groupe\" \/>\n<meta property=\"og:description\" content=\"On parle de nous ! Articles de presse, extraits du livre d&#039;or et commentaires de nos visiteurs groupes...\" \/>\n<meta property=\"og:url\" content=\"https:\/\/groupes.virees-du-sancy.com\/fr\/presse-et-livre-dor\/\" \/>\n<meta property=\"og:site_name\" content=\"Vir\u00e9es du Sancy - Mus\u00e9e Toinette &amp; Julien - Visites en Groupe\" \/>\n<meta property=\"article:modified_time\" content=\"2024-12-09T15:40:41+00:00\" \/>\n<meta name=\"twitter:card\" content=\"summary_large_image\" \/>\n<meta name=\"twitter:label1\" content=\"Dur\u00e9e de lecture estim\u00e9e\" \/>\n\t<meta name=\"twitter:data1\" content=\"3 minutes\" \/>\n<script type=\"application\/ld+json\" class=\"yoast-schema-graph\">{\"@context\":\"https:\\\/\\\/schema.org\",\"@graph\":[{\"@type\":\"WebPage\",\"@id\":\"https:\\\/\\\/groupes.virees-du-sancy.com\\\/fr\\\/presse-et-livre-dor\\\/\",\"url\":\"https:\\\/\\\/groupes.virees-du-sancy.com\\\/fr\\\/presse-et-livre-dor\\\/\",\"name\":\"Presse et livre d'or - Vir\u00e9es du Sancy - Mus\u00e9e Toinette &amp; Julien - Visites en Groupe\",\"isPartOf\":{\"@id\":\"https:\\\/\\\/groupes.virees-du-sancy.com\\\/fr\\\/#website\"},\"datePublished\":\"2015-06-17T17:57:11+00:00\",\"dateModified\":\"2024-12-09T15:40:41+00:00\",\"description\":\"On parle de nous ! Articles de presse, extraits du livre d'or et commentaires de nos visiteurs groupes...\",\"breadcrumb\":{\"@id\":\"https:\\\/\\\/groupes.virees-du-sancy.com\\\/fr\\\/presse-et-livre-dor\\\/#breadcrumb\"},\"inLanguage\":\"fr-FR\",\"potentialAction\":[{\"@type\":\"ReadAction\",\"target\":[\"https:\\\/\\\/groupes.virees-du-sancy.com\\\/fr\\\/presse-et-livre-dor\\\/\"]}]},{\"@type\":\"BreadcrumbList\",\"@id\":\"https:\\\/\\\/groupes.virees-du-sancy.com\\\/fr\\\/presse-et-livre-dor\\\/#breadcrumb\",\"itemListElement\":[{\"@type\":\"ListItem\",\"position\":1,\"name\":\"Accueil\",\"item\":\"https:\\\/\\\/groupes.virees-du-sancy.com\\\/fr\\\/\"},{\"@type\":\"ListItem\",\"position\":2,\"name\":\"Presse et livre d&rsquo;or\"}]},{\"@type\":\"WebSite\",\"@id\":\"https:\\\/\\\/groupes.virees-du-sancy.com\\\/fr\\\/#website\",\"url\":\"https:\\\/\\\/groupes.virees-du-sancy.com\\\/fr\\\/\",\"name\":\"Vir\u00e9es du Sancy - Mus\u00e9e Toinette &amp; Julien - Visites en Groupe\",\"description\":\"Venez faire un voyage dans le temps ! Visites guid\u00e9es touristiques \u00e0 Murat-le-Quaire dans le Sancy en Auvergne\",\"potentialAction\":[{\"@type\":\"SearchAction\",\"target\":{\"@type\":\"EntryPoint\",\"urlTemplate\":\"https:\\\/\\\/groupes.virees-du-sancy.com\\\/fr\\\/?s={search_term_string}\"},\"query-input\":{\"@type\":\"PropertyValueSpecification\",\"valueRequired\":true,\"valueName\":\"search_term_string\"}}],\"inLanguage\":\"fr-FR\"}]}<\/script>\n<!-- \/ Yoast SEO plugin. -->","yoast_head_json":{"title":"Presse et livre d'or - Vir\u00e9es du Sancy - Mus\u00e9e Toinette &amp; Julien - Visites en Groupe","description":"On parle de nous ! Articles de presse, extraits du livre d'or et commentaires de nos visiteurs groupes...","robots":{"index":"index","follow":"follow","max-snippet":"max-snippet:-1","max-image-preview":"max-image-preview:large","max-video-preview":"max-video-preview:-1"},"canonical":"https:\/\/groupes.virees-du-sancy.com\/fr\/presse-et-livre-dor\/","og_locale":"fr_FR","og_type":"article","og_title":"Presse et livre d'or - Vir\u00e9es du Sancy - Mus\u00e9e Toinette &amp; Julien - Visites en Groupe","og_description":"On parle de nous ! Articles de presse, extraits du livre d'or et commentaires de nos visiteurs groupes...","og_url":"https:\/\/groupes.virees-du-sancy.com\/fr\/presse-et-livre-dor\/","og_site_name":"Vir\u00e9es du Sancy - Mus\u00e9e Toinette &amp; Julien - Visites en Groupe","article_modified_time":"2024-12-09T15:40:41+00:00","twitter_card":"summary_large_image","twitter_misc":{"Dur\u00e9e de lecture estim\u00e9e":"3 minutes"},"schema":{"@context":"https:\/\/schema.org","@graph":[{"@type":"WebPage","@id":"https:\/\/groupes.virees-du-sancy.com\/fr\/presse-et-livre-dor\/","url":"https:\/\/groupes.virees-du-sancy.com\/fr\/presse-et-livre-dor\/","name":"Presse et livre d'or - Vir\u00e9es du Sancy - Mus\u00e9e Toinette &amp; Julien - Visites en Groupe","isPartOf":{"@id":"https:\/\/groupes.virees-du-sancy.com\/fr\/#website"},"datePublished":"2015-06-17T17:57:11+00:00","dateModified":"2024-12-09T15:40:41+00:00","description":"On parle de nous ! Articles de presse, extraits du livre d'or et commentaires de nos visiteurs groupes...","breadcrumb":{"@id":"https:\/\/groupes.virees-du-sancy.com\/fr\/presse-et-livre-dor\/#breadcrumb"},"inLanguage":"fr-FR","potentialAction":[{"@type":"ReadAction","target":["https:\/\/groupes.virees-du-sancy.com\/fr\/presse-et-livre-dor\/"]}]},{"@type":"BreadcrumbList","@id":"https:\/\/groupes.virees-du-sancy.com\/fr\/presse-et-livre-dor\/#breadcrumb","itemListElement":[{"@type":"ListItem","position":1,"name":"Accueil","item":"https:\/\/groupes.virees-du-sancy.com\/fr\/"},{"@type":"ListItem","position":2,"name":"Presse et livre d&rsquo;or"}]},{"@type":"WebSite","@id":"https:\/\/groupes.virees-du-sancy.com\/fr\/#website","url":"https:\/\/groupes.virees-du-sancy.com\/fr\/","name":"Vir\u00e9es du Sancy - Mus\u00e9e Toinette &amp; Julien - Visites en Groupe","description":"Venez faire un voyage dans le temps ! Visites guid\u00e9es touristiques \u00e0 Murat-le-Quaire dans le Sancy en Auvergne","potentialAction":[{"@type":"SearchAction","target":{"@type":"EntryPoint","urlTemplate":"https:\/\/groupes.virees-du-sancy.com\/fr\/?s={search_term_string}"},"query-input":{"@type":"PropertyValueSpecification","valueRequired":true,"valueName":"search_term_string"}}],"inLanguage":"fr-FR"}]}},"_links":{"self":[{"href":"https:\/\/groupes.virees-du-sancy.com\/fr\/wp-json\/wp\/v2\/pages\/231","targetHints":{"allow":["GET"]}}],"collection":[{"href":"https:\/\/groupes.virees-du-sancy.com\/fr\/wp-json\/wp\/v2\/pages"}],"about":[{"href":"https:\/\/groupes.virees-du-sancy.com\/fr\/wp-json\/wp\/v2\/types\/page"}],"author":[{"embeddable":true,"href":"https:\/\/groupes.virees-du-sancy.com\/fr\/wp-json\/wp\/v2\/users\/2"}],"replies":[{"embeddable":true,"href":"https:\/\/groupes.virees-du-sancy.com\/fr\/wp-json\/wp\/v2\/comments?post=231"}],"version-history":[{"count":11,"href":"https:\/\/groupes.virees-du-sancy.com\/fr\/wp-json\/wp\/v2\/pages\/231\/revisions"}],"predecessor-version":[{"id":1393,"href":"https:\/\/groupes.virees-du-sancy.com\/fr\/wp-json\/wp\/v2\/pages\/231\/revisions\/1393"}],"wp:attachment":[{"href":"https:\/\/groupes.virees-du-sancy.com\/fr\/wp-json\/wp\/v2\/media?parent=231"}],"curies":[{"name":"wp","href":"https:\/\/api.w.org\/{rel}","templated":true}]}}