{"id":34,"date":"2015-05-07T14:02:27","date_gmt":"2015-05-07T13:02:27","guid":{"rendered":"https:\/\/www.groupes.virees-du-sancy.com\/?page_id=34"},"modified":"2022-07-25T11:37:00","modified_gmt":"2022-07-25T10:37:00","slug":"infos-pratiques","status":"publish","type":"page","link":"https:\/\/groupes.virees-du-sancy.com\/fr\/infos-pratiques\/","title":{"rendered":"Infos pratiques"},"content":{"rendered":"<h1><span style=\"color: #ff6600\">Plusieurs possibilit\u00e9s de visite :<\/span><\/h1>\n<ul>\n<li>La <strong>Maison de la Toinette<\/strong> seule ou la <strong>Grange de Julien<\/strong> seule<\/li>\n<li>La <strong>Maison de la Toinette<\/strong> et la <strong>Grange de Julien<\/strong><\/li>\n<li>La <strong>Vir\u00e9e<\/strong> <strong>seule<\/strong><\/li>\n<li>La <strong>Vir\u00e9e<\/strong> <strong>combin\u00e9e<\/strong> avec une visite du Sc\u00e9nomus\u00e9e La Toinette et Julien<\/li>\n<\/ul>\n<h1><span style=\"color: #ff6600\">Les petits et GRANDS plus :<\/span><\/h1>\n<h3>Les \u00e9quipements et services du sc\u00e9nomus\u00e9e<sup>\u00ae<\/sup><\/h3>\n<ul>\n<li>Visites assises, en int\u00e9rieur<\/li>\n<li>Expositions permanentes et temporaires, en attendant les visites<\/li>\n<li>Parkings autocars \u00e0 proximit\u00e9 (gratuit)<\/li>\n<li>Toilettes<\/li>\n<li>Boutique : cartes postales exclusives, livres r\u00e9gionaux, souvenirs &#8230;<\/li>\n<li>Espaces verts pour Pique-nique : dans l&rsquo;herbe pr\u00e8s de la Maison de la Toinette, sur les bords de notre plan d&rsquo;eau, au pied de la Banne d&rsquo;Ordanche ou encore sous les bois&#8230;<\/li>\n<li>Salle Hors-Sac gratuite sur r\u00e9servation<\/li>\n<\/ul>\n<h3>pour nos amis \u00e9trangers <em>(for our foreign friends)<\/em><\/h3>\n<ul>\n<li>Versions int\u00e9grales en <strong>Anglais<\/strong> et<strong> Allemand<\/strong>, avec Audio-guides disponibles sur demande \u00e0 l&rsquo;accueil\u00a0 <em>(Audio-guides on request in\u00a0 English and German)<\/em><\/li>\n<li>Traductions int\u00e9grales \u00e9crites en Italien et Polonais <em>(Written translations in Italian and Polish)<\/em><\/li>\n<\/ul>\n<h3>pour le public en situation de handicap<\/h3>\n<p><strong>\u00a0\u00a0\u00a0\u00a0\u00a0\u00a0 Nos visites guid\u00e9es <\/strong>sont adapt\u00e9es aux visiteurs <strong>en situation de handicap <\/strong>et permettent \u00e0 tous de d\u00e9couvrir La Maison de la Toinette et la Grange de Julien.<\/p>\n<ul>\n<li><strong>Mobilit\u00e9 r\u00e9duite<\/strong> : parcours et sanitaires accessibles avec de l&rsquo;aide ( une petite marche pour changer de niveau). Nous contacter pour les fauteuils \u00e9lectriques ou sur mesure. Un agent vous accueillera afin de vous permettre d&rsquo;acc\u00e9der dans la cour avec votre v\u00e9hicule.<\/li>\n<li><strong>D\u00e9ficient visuel<\/strong> : Audio-guides, documents en Braille int\u00e9gral et noir agrandi sont disponibles sur demande \u00e0 l&rsquo;accueil.<\/li>\n<li><strong>D\u00e9ficient mental<\/strong> : la visite de la Maison de la Toinette et la Grange de Julien est un moment marquant et enrichissant. C&rsquo;est l&rsquo;occasion de vivre une exp\u00e9rience diff\u00e9rente de la vie quotidienne.<\/li>\n<li><strong>Confort : <\/strong>visites assises chez Toinette et Julien, en int\u00e9rieur<strong>.<br \/>\n<\/strong>Parking \u00e0 proximit\u00e9, ou possibilit\u00e9 de se garer dans la cour.<\/li>\n<\/ul>\n<h4><\/h4>\n","protected":false},"excerpt":{"rendered":"<p>Plusieurs possibilit\u00e9s de visite : La Maison de la Toinette seule ou la Grange de Julien seule La Maison de la Toinette et la Grange de Julien La Vir\u00e9e seule La Vir\u00e9e combin\u00e9e avec une visite du Sc\u00e9nomus\u00e9e La Toinette et Julien Les petits et GRANDS plus : Les \u00e9quipements et services du sc\u00e9nomus\u00e9e\u00ae Visites [&hellip;]<\/p>\n","protected":false},"author":3,"featured_media":0,"parent":0,"menu_order":0,"comment_status":"open","ping_status":"closed","template":"","meta":{"_acf_changed":false,"footnotes":""},"class_list":["post-34","page","type-page","status-publish","hentry"],"acf":[],"yoast_head":"<!-- This site is optimized with the Yoast SEO plugin v27.5 - https:\/\/yoast.com\/product\/yoast-seo-wordpress\/ -->\n<title>Infos pratiques - Visites groupes dans le massif du Sancy<\/title>\n<meta name=\"description\" content=\"Infos pratiques - Visites groupes dans le massif du Sancy - Sc\u00e9nomus\u00e9e La Toinette et Julien - Les Vir\u00e9es du Sancy, visites th\u00e9\u00e2tralis\u00e9es en Auvergne.\" \/>\n<meta name=\"robots\" content=\"index, follow, max-snippet:-1, max-image-preview:large, max-video-preview:-1\" \/>\n<link rel=\"canonical\" href=\"https:\/\/groupes.virees-du-sancy.com\/fr\/infos-pratiques\/\" \/>\n<meta property=\"og:locale\" content=\"fr_FR\" \/>\n<meta property=\"og:type\" content=\"article\" \/>\n<meta property=\"og:title\" content=\"Infos pratiques - Visites groupes dans le massif du Sancy\" \/>\n<meta property=\"og:description\" content=\"Infos pratiques - Visites groupes dans le massif du Sancy - Sc\u00e9nomus\u00e9e La Toinette et Julien - Les Vir\u00e9es du Sancy, visites th\u00e9\u00e2tralis\u00e9es en Auvergne.\" \/>\n<meta property=\"og:url\" content=\"https:\/\/groupes.virees-du-sancy.com\/fr\/infos-pratiques\/\" \/>\n<meta property=\"og:site_name\" content=\"Vir\u00e9es du Sancy - Mus\u00e9e Toinette &amp; Julien - Visites en Groupe\" \/>\n<meta property=\"article:modified_time\" content=\"2022-07-25T10:37:00+00:00\" \/>\n<meta name=\"twitter:card\" content=\"summary_large_image\" \/>\n<meta name=\"twitter:label1\" content=\"Dur\u00e9e de lecture estim\u00e9e\" \/>\n\t<meta name=\"twitter:data1\" content=\"2 minutes\" \/>\n<script type=\"application\/ld+json\" class=\"yoast-schema-graph\">{\"@context\":\"https:\\\/\\\/schema.org\",\"@graph\":[{\"@type\":\"WebPage\",\"@id\":\"https:\\\/\\\/groupes.virees-du-sancy.com\\\/fr\\\/infos-pratiques\\\/\",\"url\":\"https:\\\/\\\/groupes.virees-du-sancy.com\\\/fr\\\/infos-pratiques\\\/\",\"name\":\"Infos pratiques - Visites groupes dans le massif du Sancy\",\"isPartOf\":{\"@id\":\"https:\\\/\\\/groupes.virees-du-sancy.com\\\/fr\\\/#website\"},\"datePublished\":\"2015-05-07T13:02:27+00:00\",\"dateModified\":\"2022-07-25T10:37:00+00:00\",\"description\":\"Infos pratiques - Visites groupes dans le massif du Sancy - Sc\u00e9nomus\u00e9e La Toinette et Julien - Les Vir\u00e9es du Sancy, visites th\u00e9\u00e2tralis\u00e9es en Auvergne.\",\"breadcrumb\":{\"@id\":\"https:\\\/\\\/groupes.virees-du-sancy.com\\\/fr\\\/infos-pratiques\\\/#breadcrumb\"},\"inLanguage\":\"fr-FR\",\"potentialAction\":[{\"@type\":\"ReadAction\",\"target\":[\"https:\\\/\\\/groupes.virees-du-sancy.com\\\/fr\\\/infos-pratiques\\\/\"]}]},{\"@type\":\"BreadcrumbList\",\"@id\":\"https:\\\/\\\/groupes.virees-du-sancy.com\\\/fr\\\/infos-pratiques\\\/#breadcrumb\",\"itemListElement\":[{\"@type\":\"ListItem\",\"position\":1,\"name\":\"Accueil\",\"item\":\"https:\\\/\\\/groupes.virees-du-sancy.com\\\/fr\\\/\"},{\"@type\":\"ListItem\",\"position\":2,\"name\":\"Infos pratiques\"}]},{\"@type\":\"WebSite\",\"@id\":\"https:\\\/\\\/groupes.virees-du-sancy.com\\\/fr\\\/#website\",\"url\":\"https:\\\/\\\/groupes.virees-du-sancy.com\\\/fr\\\/\",\"name\":\"Vir\u00e9es du Sancy - Mus\u00e9e Toinette &amp; Julien - Visites en Groupe\",\"description\":\"Venez faire un voyage dans le temps ! Visites guid\u00e9es touristiques \u00e0 Murat-le-Quaire dans le Sancy en Auvergne\",\"potentialAction\":[{\"@type\":\"SearchAction\",\"target\":{\"@type\":\"EntryPoint\",\"urlTemplate\":\"https:\\\/\\\/groupes.virees-du-sancy.com\\\/fr\\\/?s={search_term_string}\"},\"query-input\":{\"@type\":\"PropertyValueSpecification\",\"valueRequired\":true,\"valueName\":\"search_term_string\"}}],\"inLanguage\":\"fr-FR\"}]}<\/script>\n<!-- \/ Yoast SEO plugin. -->","yoast_head_json":{"title":"Infos pratiques - Visites groupes dans le massif du Sancy","description":"Infos pratiques - Visites groupes dans le massif du Sancy - Sc\u00e9nomus\u00e9e La Toinette et Julien - Les Vir\u00e9es du Sancy, visites th\u00e9\u00e2tralis\u00e9es en Auvergne.","robots":{"index":"index","follow":"follow","max-snippet":"max-snippet:-1","max-image-preview":"max-image-preview:large","max-video-preview":"max-video-preview:-1"},"canonical":"https:\/\/groupes.virees-du-sancy.com\/fr\/infos-pratiques\/","og_locale":"fr_FR","og_type":"article","og_title":"Infos pratiques - Visites groupes dans le massif du Sancy","og_description":"Infos pratiques - Visites groupes dans le massif du Sancy - Sc\u00e9nomus\u00e9e La Toinette et Julien - Les Vir\u00e9es du Sancy, visites th\u00e9\u00e2tralis\u00e9es en Auvergne.","og_url":"https:\/\/groupes.virees-du-sancy.com\/fr\/infos-pratiques\/","og_site_name":"Vir\u00e9es du Sancy - Mus\u00e9e Toinette &amp; Julien - Visites en Groupe","article_modified_time":"2022-07-25T10:37:00+00:00","twitter_card":"summary_large_image","twitter_misc":{"Dur\u00e9e de lecture estim\u00e9e":"2 minutes"},"schema":{"@context":"https:\/\/schema.org","@graph":[{"@type":"WebPage","@id":"https:\/\/groupes.virees-du-sancy.com\/fr\/infos-pratiques\/","url":"https:\/\/groupes.virees-du-sancy.com\/fr\/infos-pratiques\/","name":"Infos pratiques - Visites groupes dans le massif du Sancy","isPartOf":{"@id":"https:\/\/groupes.virees-du-sancy.com\/fr\/#website"},"datePublished":"2015-05-07T13:02:27+00:00","dateModified":"2022-07-25T10:37:00+00:00","description":"Infos pratiques - Visites groupes dans le massif du Sancy - Sc\u00e9nomus\u00e9e La Toinette et Julien - Les Vir\u00e9es du Sancy, visites th\u00e9\u00e2tralis\u00e9es en Auvergne.","breadcrumb":{"@id":"https:\/\/groupes.virees-du-sancy.com\/fr\/infos-pratiques\/#breadcrumb"},"inLanguage":"fr-FR","potentialAction":[{"@type":"ReadAction","target":["https:\/\/groupes.virees-du-sancy.com\/fr\/infos-pratiques\/"]}]},{"@type":"BreadcrumbList","@id":"https:\/\/groupes.virees-du-sancy.com\/fr\/infos-pratiques\/#breadcrumb","itemListElement":[{"@type":"ListItem","position":1,"name":"Accueil","item":"https:\/\/groupes.virees-du-sancy.com\/fr\/"},{"@type":"ListItem","position":2,"name":"Infos pratiques"}]},{"@type":"WebSite","@id":"https:\/\/groupes.virees-du-sancy.com\/fr\/#website","url":"https:\/\/groupes.virees-du-sancy.com\/fr\/","name":"Vir\u00e9es du Sancy - Mus\u00e9e Toinette &amp; Julien - Visites en Groupe","description":"Venez faire un voyage dans le temps ! Visites guid\u00e9es touristiques \u00e0 Murat-le-Quaire dans le Sancy en Auvergne","potentialAction":[{"@type":"SearchAction","target":{"@type":"EntryPoint","urlTemplate":"https:\/\/groupes.virees-du-sancy.com\/fr\/?s={search_term_string}"},"query-input":{"@type":"PropertyValueSpecification","valueRequired":true,"valueName":"search_term_string"}}],"inLanguage":"fr-FR"}]}},"_links":{"self":[{"href":"https:\/\/groupes.virees-du-sancy.com\/fr\/wp-json\/wp\/v2\/pages\/34","targetHints":{"allow":["GET"]}}],"collection":[{"href":"https:\/\/groupes.virees-du-sancy.com\/fr\/wp-json\/wp\/v2\/pages"}],"about":[{"href":"https:\/\/groupes.virees-du-sancy.com\/fr\/wp-json\/wp\/v2\/types\/page"}],"author":[{"embeddable":true,"href":"https:\/\/groupes.virees-du-sancy.com\/fr\/wp-json\/wp\/v2\/users\/3"}],"replies":[{"embeddable":true,"href":"https:\/\/groupes.virees-du-sancy.com\/fr\/wp-json\/wp\/v2\/comments?post=34"}],"version-history":[{"count":36,"href":"https:\/\/groupes.virees-du-sancy.com\/fr\/wp-json\/wp\/v2\/pages\/34\/revisions"}],"predecessor-version":[{"id":1040,"href":"https:\/\/groupes.virees-du-sancy.com\/fr\/wp-json\/wp\/v2\/pages\/34\/revisions\/1040"}],"wp:attachment":[{"href":"https:\/\/groupes.virees-du-sancy.com\/fr\/wp-json\/wp\/v2\/media?parent=34"}],"curies":[{"name":"wp","href":"https:\/\/api.w.org\/{rel}","templated":true}]}}